{"id":2398,"date":"2023-12-19T14:37:59","date_gmt":"2023-12-19T14:37:59","guid":{"rendered":"https:\/\/espacemediation.org\/ar\/?page_id=2398"},"modified":"2024-05-25T22:19:40","modified_gmt":"2024-05-25T22:19:40","slug":"apropos_ar","status":"publish","type":"page","link":"https:\/\/espacemediation.org\/ar\/apropos_ar\/","title":{"rendered":"\u062a\u0642\u062f\u064a\u0645"},"content":{"rendered":"\n\n\n\n<h3>\u062a\u0642\u062f\u064a\u0645<\/h3>\n\n\n\n<p>L\u2019espace M\u00e9diation (EsMed) est  une  association para-universitaire qui \u0153uvre dans le domaine de m\u00e9diation. C\u2019est soci\u00e9t\u00e9 savante dont la question de m\u00e9diation avec ses m\u00e9thodes, techniques et pratiques est son champ de r\u00e9flexion, de recherche et de formation.<br>L\u2019EsMed assure la diffusion du  savoir concernant la m\u00e9diation tout en d\u00e9veloppant un plaidoyer citoyen comme processus visant \u00e0 de r\u00e9soudre toutes les formes de tensions soci\u00e9tales qu\u2019elles soient : sociales, culturelles, \u00e9conomiques, politiques \u2026<br><\/p>\n\n\n\n<p>Lorem Ipsum has been the industry&#8217;s standard dummy text ever since the 1500s.<\/p>\n\n\n\n\n\n<h3>\u0641\u0636\u0627\u0621 \u0627\u0644\u0648\u0633\u0627\u0637\u0629<\/h3>\n\n\n<p>Lorem Ipsum has been the industry&#8217;s standard dummy text ever since the 1500s.<\/p>\n\n\n\n\n\n\n\n\n\n\n\n\n\n\n\n\n\n<h3>\u0623\u0647\u062f\u0627\u0641\u0646\u0627<\/h3>\n\n\n<p style=\"text-align: justify;\"> \u0648\u062a\u062a\u0645\u062b\u0644 \u0623\u0647\u062f\u0627\u0641 \u0641\u0636\u0627\u0621 \u0627\u0644\u0648\u0633\u0627\u0637\u0629 \u0643\u0631\u0627\u0641\u0639\u0629 \u0641\u064a \u0627\u0644\u0645\u0633\u0627\u0647\u0645\u0629 \u0641\u064a \u0628\u0646\u0627\u0621 \u0645\u0634\u0631\u0648\u0639 \u0645\u062c\u062a\u0645\u0639 \u0645\u063a\u0631\u0628\u064a \u062f\u064a\u0645\u0642\u0631\u0627\u0637\u064a \u062d\u062f\u0627\u062b\u064a \u0636\u0645\u0646 \u0648\u062d\u062f\u062a\u0647 \u0627\u0644\u062a\u0631\u0627\u0628\u064a\u0629 \u0648\u062a\u0639\u062f\u062f\u064a\u062a\u0647 \u0627\u0644\u0645\u062c\u062a\u0645\u0639\u064a\u0629\u060c \u0643\u0645\u0627 \u0647\u0648 \u0645\u0646\u0635\u0648\u0635 \u0639\u0644\u064a\u0647\u0645\u0627 \u0641\u064a \u0627\u0644\u062f\u0633\u062a\u0648\u0631 \u0627\u0644\u0645\u063a\u0631\u0628\u064a<\/p>\n\n\n\n&nbsp; \u0627\u0644\u0639\u0645\u0644 \u0645\u0646 \u0623\u062c\u0644 \u00ab\u062c\u0648\u062f\u0629 \u0627\u0644\u0639\u064a\u0634 \u0627\u0644\u0645\u0634\u062a\u0631\u0643\u00bb \u0641\u064a \u0627\u062d\u062a\u0631\u0627\u0645 \u0644\u0644\u0627\u062e\u062a\u0644\u0627\u0641\u060c \u0648\u0627\u0644\u0646\u0647\u0648\u0636 \u0628\u0627\u0644\u062a\u0646\u0648\u0639 \u0648\u0627\u0644\u062a\u0633\u0627\u0645\u062d\n\n\n&nbsp; \u062a\u0631\u0627\u0641\u0639 \u0645\u062a\u0648\u0627\u0632\u0646 \u0645\u0646 \u0623\u062c\u0644 \u0645\u0648\u0627\u0637\u0646\u0629 \u0643\u0648\u0646\u064a\u0629 \u0646\u0634\u064a\u0637\u0629 \u0641\u064a \u0625\u0637\u0627\u0631 \u0627\u062d\u062a\u0631\u0627\u0645 \u0627\u0644\u062d\u0642\u0648\u0642 \u0648\u0627\u0644\u063a\u064a\u0631\u064a\u0629\n\n\n&nbsp;\u062f\u0639\u0645 \u062c\u0645\u064a\u0639 \u0623\u0634\u0643\u0627\u0644 \u0627\u0644\u062a\u062f\u0627\u0645\u062c \u0639\u0644\u0649 \u0623\u0633\u0627\u0633 \u0627\u0644\u062a\u0645\u0627\u0633\u0643 \u0627\u0644\u0627\u062c\u062a\u0645\u0627\u0639\u064a\n\n\n&nbsp; \u0645\u0643\u0627\u0641\u062d\u0629 \u062c\u0645\u064a\u0639 \u0623\u0634\u0643\u0627\u0644 \u0648\u0645\u0638\u0627\u0647\u0631 \u0627\u0644\u0639\u0646\u0641\u060c \u0648\u0627\u0644\u062a\u0637\u0631\u0641\u060c \u0648\u0627\u0644\u0625\u0642\u0635\u0627\u0621\u060c \u0648\u0627\u0644\u0647\u0634\u0627\u0634\u0629 \u0633\u0648\u0627\u0621&nbsp; \u0639\u0644\u0649&nbsp; \u0623\u0633\u0627\u0633 \u0627\u0644\u062c\u0646\u0633 \u0623\u0648 \u0627\u0644\u0644\u0648\u0646 \u0623\u0648 \u0627\u0644\u062b\u0642\u0627\u0641\u0629 \u0623\u0648 \u0627\u0644\u0645\u0639\u062a\u0642\u062f\u0627\u062a \u0623\u0648 \u0627\u0644\u0639\u0631\u0642.\n\n\n\n\n\u0627\u0644\u0639\u0645\u0644 \u0645\u0646 \u0623\u062c\u0644 \u0630\u0627\u0643\u0631\u0629 \u0645\u0634\u062a\u0631\u0643\u0629 \u0642\u0627\u0626\u0645\u0629 \u0639\u0644\u0649 \u0641\u0647\u0645 \u0627\u0644\u0635\u0631\u0627\u0639\u0627\u062a \u0648\u0646\u0628\u0630\u0647\u0627 \u0644\u062a\u062c\u0627\u0648\u0632 \u0627\u0644\u0645\u0627\u0636\u064a&nbsp; &nbsp;\u0648\u0627\u0644\u062a\u0642\u062f\u0645 \u0646\u062d\u0648&nbsp; \u0645\u0633\u062a\u0642\u0628\u0644 \u0645\u0628\u0646\u064a \u0639\u0644\u0649 \u0627\u0644\u0633\u0644\u0627\u0645 \u0648\u0627\u0644\u062a\u0636\u0627\u0645\u0646 \u0648\u0627\u0644\u0642\u064a\u0645 \u0627\u0644\u0625\u0646\u0633\u0627\u0646\u064a\u0629\n\n\n\u062a\u0639\u0632\u064a\u0632 \u0627\u0644\u062d\u0642\u0648\u0642 \u0645\u0646 \u0623\u062c\u0644 \u062c\u0648\u062f\u0629 \u0625\u0637\u0627\u0631 \u0627\u0644\u062d\u064a\u0627\u0629 \u0648\u0646\u0648\u0639\u064a\u062a\u0647\u0627 \u0645\u0646 \u062e\u0644\u0627\u0644 \u0645\u0642\u0627\u0631\u0628\u0629 \u062a\u0634\u0627\u0631\u0643\u064a\u0629 \u0648\u062f\u0627\u0645\u062c\u0629\n\n\n\u062a\u0646\u0641\u064a\u0630 \u0627\u0644\u0628\u0631\u0627\u0645\u062c \u0627\u0644\u062f\u0648\u0644\u064a\u0629 \u0627\u0644\u0645\u062a\u0639\u0644\u0642\u0629 \u0628\u0627\u0644\u062a\u0639\u0644\u064a\u0645 \u0627\u0644\u0628\u064a\u0646-\u062b\u0642\u0627\u0641\u064a (= \u0645\u0639\u0631\u0641\u0629 \u0627\u0644\u0622\u062e\u0631)\u060c \u0648\u0627\u0644\u0645\u0648\u0627\u0637\u0646\u0629\u060c&nbsp; &nbsp;\u0648\u0627\u0644\u0647\u062c\u0631\u0629&nbsp; \u0648\u0642\u0636\u0627\u064a\u0627 \u0627\u0644\u0645\u0631\u0623\u0629 \u0648\u0627\u0644\u0646\u0648\u0639\u060c \u0648\u0627\u0644\u0634\u0628\u0627\u0628\u060c \u0648\u0627\u0644\u0623\u0637\u0641\u0627\u0644 \u0641\u064a \u0648\u0636\u0639\u064a\u0629 \u0635\u0639\u0628\u0629\u060c \u0648\u0627\u0644\u0631\u0648\u0627\u0628\u0637 \u0627\u0644\u0627\u062c\u062a\u0645\u0627\u0639\u064a\u0629&#8230; \u0627\u0644\u062e\n\n\n\n\n\n\n\n\n\n<h3>\u0634\u0631\u0643\u0627\u0624\u0646\u0627<\/h3>\n\n\n\u064a\u0639\u0645\u0644 \u0641\u0636\u0627\u0621 \u0627\u0644\u0648\u0633\u0627\u0637\u0629 \u0639\u0644\u0649 \u062a\u0637\u0648\u064a\u0631 \u0634\u0631\u0627\u0643\u0627\u062a \u0645\u0639 \u0627\u0644\u0645\u0624\u0633\u0633\u0627\u062a \u0627\u0644\u0645\u063a\u0631\u0628\u064a\u0629 \u0627\u0644\u0631\u0633\u0645\u064a\u0629\u060c \u0648\u0627\u0644\u062c\u0627\u0645\u0639\u0627\u062a\u060c \u0648\u0645\u0646\u0638\u0645\u0627\u062a \u0627\u0644\u0645\u062c\u062a\u0645\u0639 \u0627\u0644\u0645\u062f\u0646\u064a \u0627\u0644\u0645\u063a\u0631\u0628\u064a\u0629 \u0648\u0627\u0644\u0623\u062c\u0646\u0628\u064a\u0629 \u0648\u0627\u0644\u062f\u0648\u0644\u064a\u0629.\n\u0641\u0646\u062d\u0646 \u0623\u0639\u0636\u0627\u0621 \u0641\u064a \u0643\u0631\u0633\u064a \u0627\u0644\u064a\u0648\u0646\u0633\u0643\u0648 \u0644\u0645\u0646\u0639 \u0627\u0644\u062a\u0637\u0631\u0641 \u0648\u0627\u0644\u062a\u0637\u0631\u0641 \u0627\u0644\u0639\u0646\u064a\u0641 (Chaire UNESCO-PREVE ) \u0648\u0645\u0642\u0631\u0647 \u062c\u0627\u0645\u0639\u0629 \u0634\u064a\u0631\u0628\u0631\u0648\u0643 \u0641\u064a \u0643\u0646\u062f\u0627 \u0628\u0627\u0644\u0646\u0638\u0631 \u0644\u0627\u0647\u062a\u0645\u0627\u0645\u0646\u0627 \u0628\u0627\u0644\u0635\u0631\u0627\u0639\u0627\u062a \u0648\u0627\u0644\u062a\u0648\u062a\u0631\u0627\u062a \u0641\u064a \u0645\u062e\u062a\u0644\u0641 \u0645\u0638\u0627\u0647\u0631\u0647\u0627 \u0648\u062a\u062c\u0644\u064a\u0627\u062a\u0647\u0627 \u0648\u0645\u0633\u062a\u0648\u064a\u0627\u062a\u0647\u0627 (\u0627\u0644\u0641\u0631\u062f\u064a\u0629 \u0648\u0627\u0644\u062c\u0645\u0627\u0639\u064a\u0629).\n\u0648\u062a\u062c\u062f\u0631 \u0627\u0644\u0625\u0634\u0627\u0631\u0629 \u0625\u0644\u0649 \u0623\u0646 \u0623\u0639\u0636\u0627\u0621 \u0641\u0636\u0627\u0621 \u0627\u0644\u0648\u0633\u0627\u0637\u0629 \u064a\u0646\u0634\u0637\u0648\u0646 \u0641\u064a \u0645\u062c\u0627\u0644 \u0627\u0644\u0647\u062c\u0631\u0629 \u0648\u0627\u0644\u062a\u0646\u0645\u064a\u0629 \u0648\u0627\u0644\u062b\u0642\u0627\u0641\u0629 \u0641\u064a \u0645\u062e\u062a\u0644\u0641 \u062a\u0645\u0638\u0647\u0631\u0627\u062a\u0647\u0627 \u0627\u0644\u0641\u0643\u0631\u064a\u0629 \u0648\u0627\u0644\u0641\u0646\u064a\u0629 \u0648\u0627\u0644\u0631\u064a\u0627\u0636\u064a\u0629 \u0648\u0627\u0644\u0634\u0641\u0648\u064a\u0629 \u0648\u0627\u0644\u0645\u0643\u062a\u0648\u0628\u0629 \u0648\u0627\u0644\u0628\u0635\u0631\u064a\u0629 &#8230; \u0648\u0643\u0627\u0646 \u0628\u0639\u0636\u0647\u0645 \u062d\u0627\u0636\u0631\u0627 \u0641\u064a \u062c\u0645\u064a\u0639 \u0627\u0644\u0645\u0646\u062a\u062f\u064a\u0627\u062a \u0627\u0644\u0639\u0627\u0644\u0645\u064a\u0629 \u0644\u0644\u0647\u062c\u0631\u0629 \u0648\u0627\u0644\u062a\u0646\u0645\u064a\u0629 GFMD . \n\u0648\u0641\u0636\u0627\u0621 \u0627\u0644\u0648\u0633\u0627\u0637\u0629 \u0645\u0646\u0633\u0642 \u0644\u0644\u0634\u0628\u0643\u062a\u064a\u0646 \u0627\u0644\u062a\u0627\u0644\u064a\u062a\u064a\u0646:\n\n\n<p>Lorem Ipsum has been the industry&#8217;s standard dummy text ever since the 1500s.<\/p>\n\n<p><\/p>\u0627\u0644\u0634\u0628\u0643\u0629 \u0627\u0644\u0625\u0641\u0631\u064a\u0642\u064a\u0629 \u0644\u0644\u0647\u062c\u0631\u0629 \u0648\u0627\u0644\u062a\u0646\u0645\u064a\u0629<p><\/p>\n\n\nhttps:\/\/www.facebook.com\/<br>rmtmd.migrationdeveloppement\n\n\n\n<p>Lorem Ipsum has been the industry&#8217;s standard dummy text ever since the 1500s.<\/p>\n\n\u0627\u0644\u0634\u0628\u0643\u0629 \u0627\u0644\u0639\u0628\u0631 \u0648\u0637\u0646\u064a\u0629 \u0644\u0644\u0647\u062c\u0631\u0629 \u0648\u0627\u0644\u062a\u0646\u0645\u064a\u0629\n\n\nhttps:\/\/www.facebook.com\/resaf.migdev\n\n\n\n\n\n\n\u0643\u0645\u0627 \u0623\u0646\u0647 \u0639\u0636\u0648 \u0628\u0627\u0644\u062d\u0631\u0643\u0629 \u0627\u0644\u0645\u0646\u0627\u0647\u0636\u0629 \u0644\u0644\u0646\u0641\u0639\u064a\u0629 \u0641\u064a \u0627\u0644\u0639\u0644\u0648\u0645 \u0627\u0644\u0627\u062c\u062a\u0645\u0627\u0639\u064a\u0629 M.A.U.S.S.\n\n\nhttps:\/\/www.revuedumauss.com.fr\n\n\n\n\n\n\n\n\n\n<h3>\u0631\u0648\u0627\u0628\u0637<\/h3>\n\n\n\nhttps:\/\/www.facebook.com\n\/centre.jeunessemediation\n\n\nhttps:\/\/www.isa-sociology.org\/fr\/international-sociological-association\n\n\nhttps:\/\/www.facebook.com\/GSAEOV\n\n\nhttps:\/\/www.facebook.com\/Instance.\nmarocaine.sociologie\n\n\n\n","protected":false},"excerpt":{"rendered":"","protected":false},"author":1,"featured_media":0,"parent":0,"menu_order":0,"comment_status":"closed","ping_status":"closed","template":"","meta":{"pagelayer_contact_templates":[],"_pagelayer_content":"","pgc_sgb_lightbox_settings":"","footnotes":""},"class_list":["post-2398","page","type-page","status-publish","hentry"],"rttpg_featured_image_url":null,"rttpg_author":{"display_name":"admin","author_link":"https:\/\/espacemediation.org\/ar\/author\/admin\/"},"rttpg_comment":0,"rttpg_category":null,"rttpg_excerpt":null,"_links":{"self":[{"href":"https:\/\/espacemediation.org\/ar\/wp-json\/wp\/v2\/pages\/2398","targetHints":{"allow":["GET"]}}],"collection":[{"href":"https:\/\/espacemediation.org\/ar\/wp-json\/wp\/v2\/pages"}],"about":[{"href":"https:\/\/espacemediation.org\/ar\/wp-json\/wp\/v2\/types\/page"}],"author":[{"embeddable":true,"href":"https:\/\/espacemediation.org\/ar\/wp-json\/wp\/v2\/users\/1"}],"replies":[{"embeddable":true,"href":"https:\/\/espacemediation.org\/ar\/wp-json\/wp\/v2\/comments?post=2398"}],"version-history":[{"count":218,"href":"https:\/\/espacemediation.org\/ar\/wp-json\/wp\/v2\/pages\/2398\/revisions"}],"predecessor-version":[{"id":4221,"href":"https:\/\/espacemediation.org\/ar\/wp-json\/wp\/v2\/pages\/2398\/revisions\/4221"}],"wp:attachment":[{"href":"https:\/\/espacemediation.org\/ar\/wp-json\/wp\/v2\/media?parent=2398"}],"curies":[{"name":"wp","href":"https:\/\/api.w.org\/{rel}","templated":true}]}}